{"id":842,"date":"2020-06-02T17:34:18","date_gmt":"2020-06-02T20:34:18","guid":{"rendered":"http:\/\/www.esme.com.ar\/new\/?page_id=842"},"modified":"2023-10-19T15:24:46","modified_gmt":"2023-10-19T18:24:46","slug":"ninos-2","status":"publish","type":"page","link":"https:\/\/www.esme.com.ar\/eng\/productos\/cuidado-personal\/ninos-2\/","title":{"rendered":"Kids"},"content":{"rendered":"\t\t<div data-elementor-type=\"wp-page\" data-elementor-id=\"842\" class=\"elementor elementor-842\">\n\t\t\t\t\t\t<section class=\"elementor-section elementor-top-section elementor-element elementor-element-b81fbcd elementor-section-boxed elementor-section-height-default elementor-section-height-default\" data-id=\"b81fbcd\" data-element_type=\"section\" data-e-type=\"section\">\n\t\t\t\t\t\t<div class=\"elementor-container elementor-column-gap-default\">\n\t\t\t\t\t<div class=\"aux-parallax-section elementor-column elementor-col-100 elementor-top-column elementor-element elementor-element-340c669\" data-id=\"340c669\" data-element_type=\"column\" data-e-type=\"column\">\n\t\t\t<div class=\"elementor-widget-wrap elementor-element-populated\">\n\t\t\t\t\t\t<div class=\"elementor-element elementor-element-c320c09 elementor-widget elementor-widget-aux_recent_portfolios_grid\" data-id=\"c320c09\" data-element_type=\"widget\" data-e-type=\"widget\" data-settings=\"{&quot;columns&quot;:&quot;4&quot;,&quot;columns_tablet&quot;:&quot;inherit&quot;,&quot;columns_mobile&quot;:&quot;1&quot;}\" data-widget_type=\"aux_recent_portfolios_grid.default\">\n\t\t\t\t<div class=\"elementor-widget-container\">\n\t\t\t\t\t<section class=\"widget-container aux-widget-recent-portfolios aux-parent-au6edc172b\"><div class=\"aux-filters aux-togglable aux-overlay aux-underline-anim aux-left aux-isotope-filters\"><div class=\"aux-select-overlay\"><\/div><ul><li data-filter=\"ninos\" data-category-id=\"222\" ><a href=\"#\"><span data-select=\"Ni\u00f1os\">Ni\u00f1os<\/span><\/a><\/li><\/ul><\/div><div id=\"69f1b2b68daf0\" data-element-id=\"au6edc172b\" class=\"aux-portfolio-columns aux-ajax-view aux-isotope-animated aux-isotope-layout aux-layout-grid aux-no-gutter aux-row aux-match-height aux-de-col4 aux-tb-col4 aux-mb-col1\" data-lazyload=\"true\" data-space=\"30\" data-pagination=\"true\" data-deeplink=\"true\" data-slug=\"\" data-perpage=\"8\" data-layout=\"fitRows\" data-reveal-transition-duration=\"600\" data-reveal-between-delay=\"60\" data-hide-transition-duration=\"600\" data-hide-between-delay=\"30\" data-num=\"\" data-order=\"ASC\" data-orderby=\"title\" data-taxonomy=\"portfolio-cat\" data-n=\"946f12b478\"><div class=\"aux-items-loading aux-loading-hide\"><div class=\"aux-loading-loop\"><svg class=\"aux-circle\" width=\"100%\" height=\"100%\" viewBox=\"0 0 42 42\"><circle class=\"aux-stroke-bg\" r=\"20\" cx=\"21\" cy=\"21\" fill=\"none\"><\/circle><circle class=\"aux-progress\" r=\"20\" cx=\"21\" cy=\"21\" fill=\"none\" transform=\"rotate(-90 21 21)\"><\/circle><\/svg><\/div><\/div><div class=\"aux-iso-item aux-loading aux-col crema-dental crema-dental-kids\">                        <article class=\"post-902 portfolio type-portfolio status-publish has-post-thumbnail hentry portfolio-cat-crema-dental portfolio-cat-crema-dental-kids portfolio-tag-crema-dental portfolio-tag-crema-dental-kids portfolio-filter-crema-dental portfolio-filter-crema-dental-kids\" >\n                            <div class=\"\">\n                                <div class=\"entry-media \">\n                                    <div class=\"aux-media-frame aux-media-image\"><a href=\"https:\/\/www.esme.com.ar\/eng\/product\/fresh-dent-kids-crema-dental-x-90g\/\"><img fetchpriority=\"high\" width=\"440\" height=\"440\" class=\"aux-attachment aux-featured-image attachment-440x440 aux-attachment-id-903 \" alt=\"Fresh Dent Kids - Crema Dental x 90g\" data-ratio=\"1\" data-original-w=\"2250\" sizes=\"auto\" data-srcset=\"https:\/\/www.esme.com.ar\/wp-content\/uploads\/2020\/06\/Fresh-dent-kids-x-90-g-150x150.jpg 150w,https:\/\/www.esme.com.ar\/wp-content\/uploads\/2020\/06\/Fresh-dent-kids-x-90-g-300x300.jpg 300w,https:\/\/www.esme.com.ar\/wp-content\/uploads\/2020\/06\/Fresh-dent-kids-x-90-g-768x768.jpg 768w,https:\/\/www.esme.com.ar\/wp-content\/uploads\/2020\/06\/Fresh-dent-kids-x-90-g-440x440.jpg 440w,https:\/\/www.esme.com.ar\/wp-content\/uploads\/2020\/06\/Fresh-dent-kids-x-90-g-2240x2240.jpg 2240w\" data-src=\"https:\/\/www.esme.com.ar\/wp-content\/uploads\/2020\/06\/Fresh-dent-kids-x-90-g-440x440.jpg\" \/><\/a><\/div>                                <\/div>\n\n                                                            <\/div>\n\n                                                        <div class=\"entry-main\">\n\n                                                                <header class=\"entry-header\">\n                                    <h3 class=\"entry-title\">\n                                        <a href=\"https:\/\/www.esme.com.ar\/eng\/product\/fresh-dent-kids-crema-dental-x-90g\/\">\n                                            Fresh Dent Kids &#8211; Crema Dental x 90g                                        <\/a>\n                                    <\/h3>\n                                <\/header>\n                                                                                                                                                            <\/div>\n                            \n                        <\/article>\n<\/div><div class=\"aux-iso-item aux-loading aux-col ninos toallas-humedas\">                        <article class=\"post-991 portfolio type-portfolio status-publish has-post-thumbnail hentry portfolio-cat-ninos portfolio-cat-toallas-humedas portfolio-tag-bebes portfolio-tag-toallitas-humedas portfolio-filter-bebes portfolio-filter-toallitas-humedas\" >\n                            <div class=\"\">\n                                <div class=\"entry-media \">\n                                    <div class=\"aux-media-frame aux-media-image\"><a href=\"https:\/\/www.esme.com.ar\/eng\/product\/lifequality-toallitas-humedas-para-bebe-x-50-u\/\"><img width=\"440\" height=\"440\" class=\"aux-attachment aux-featured-image attachment-440x440 aux-attachment-id-2507 \" alt=\"Toallas H\u00famedas para Bebe x 50 u\" data-ratio=\"1\" data-original-w=\"2008\" sizes=\"auto\" data-srcset=\"https:\/\/www.esme.com.ar\/wp-content\/uploads\/2020\/06\/LQ-TOALLAS-HUMEDAS-BEBE-2-150x150.jpg 150w,https:\/\/www.esme.com.ar\/wp-content\/uploads\/2020\/06\/LQ-TOALLAS-HUMEDAS-BEBE-2-300x300.jpg 300w,https:\/\/www.esme.com.ar\/wp-content\/uploads\/2020\/06\/LQ-TOALLAS-HUMEDAS-BEBE-2-768x768.jpg 768w,https:\/\/www.esme.com.ar\/wp-content\/uploads\/2020\/06\/LQ-TOALLAS-HUMEDAS-BEBE-2-440x440.jpg 440w,https:\/\/www.esme.com.ar\/wp-content\/uploads\/2020\/06\/LQ-TOALLAS-HUMEDAS-BEBE-2-1998x1998.jpg 1998w\" data-src=\"https:\/\/www.esme.com.ar\/wp-content\/uploads\/2020\/06\/LQ-TOALLAS-HUMEDAS-BEBE-2-440x440.jpg\" \/><\/a><\/div>                                <\/div>\n\n                                                            <\/div>\n\n                                                        <div class=\"entry-main\">\n\n                                                                <header class=\"entry-header\">\n                                    <h3 class=\"entry-title\">\n                                        <a href=\"https:\/\/www.esme.com.ar\/eng\/product\/lifequality-toallitas-humedas-para-bebe-x-50-u\/\">\n                                            Life+Quality Baby &#8211; Toallas H\u00famedas para Beb\u00e9 x 50 u                                        <\/a>\n                                    <\/h3>\n                                <\/header>\n                                                                                                                                                            <\/div>\n                            \n                        <\/article>\n<\/div><div class=\"aux-iso-item aux-loading aux-col cuidado-personal manos-y-cuerpo ninos oleo-calcareo\">                        <article class=\"post-2580 portfolio type-portfolio status-publish has-post-thumbnail hentry portfolio-cat-cuidado-personal portfolio-cat-manos-y-cuerpo portfolio-cat-ninos portfolio-cat-oleo-calcareo portfolio-tag-oleo-calcareo portfolio-filter-jabon-liquido portfolio-filter-uncategorized\" >\n                            <div class=\"\">\n                                <div class=\"entry-media \">\n                                    <div class=\"aux-media-frame aux-media-image\"><a href=\"https:\/\/www.esme.com.ar\/eng\/product\/lifequality-baby-emulsion-limpiadora-a-base-de-oleo-calcareo\/\"><img width=\"440\" height=\"440\" class=\"aux-attachment aux-featured-image attachment-440x440 aux-attachment-id-2581 \" alt=\"Life+Quality Baby \u2013 Emulsi\u00f3n Limpiadora a base de \u00d3leo Calc\u00e1reo\" data-ratio=\"1\" data-original-w=\"1752\" sizes=\"auto\" data-srcset=\"https:\/\/www.esme.com.ar\/wp-content\/uploads\/2023\/10\/oleo-150x150.jpg 150w,https:\/\/www.esme.com.ar\/wp-content\/uploads\/2023\/10\/oleo-300x300.jpg 300w,https:\/\/www.esme.com.ar\/wp-content\/uploads\/2023\/10\/oleo-768x768.jpg 768w,https:\/\/www.esme.com.ar\/wp-content\/uploads\/2023\/10\/oleo-440x440.jpg 440w,https:\/\/www.esme.com.ar\/wp-content\/uploads\/2023\/10\/oleo-1742x1742.jpg 1742w\" data-src=\"https:\/\/www.esme.com.ar\/wp-content\/uploads\/2023\/10\/oleo-440x440.jpg\" \/><\/a><\/div>                                <\/div>\n\n                                                            <\/div>\n\n                                                        <div class=\"entry-main\">\n\n                                                                <header class=\"entry-header\">\n                                    <h3 class=\"entry-title\">\n                                        <a href=\"https:\/\/www.esme.com.ar\/eng\/product\/lifequality-baby-emulsion-limpiadora-a-base-de-oleo-calcareo\/\">\n                                            Life+Quality Baby \u2013 Emulsi\u00f3n Limpiadora a base de \u00d3leo Calc\u00e1reo                                        <\/a>\n                                    <\/h3>\n                                <\/header>\n                                                                                                                                                            <\/div>\n                            \n                        <\/article>\n<\/div><\/div><script type=\"text\/javascript\">var au6edc172bAjaxConfig = {\"title\":\"\",\"cat\":[\"222\"],\"num\":\"\",\"only_posts__in\":\"\",\"include\":\"\",\"exclude\":\"\",\"posts_per_page\":-1,\"offset\":\"\",\"order_by\":\"title\",\"order\":\"ASC\",\"exclude_without_media\":\"yes\",\"display_like\":\"\",\"deeplink\":\"no\",\"use_ajax\":\"no\",\"deeplink_slug\":null,\"show_filters\":\"yes\",\"filter_by\":\"portfolio-cat\",\"filter_style\":\"aux-overlay aux-underline-anim\",\"filter_align\":\"aux-left\",\"reveal_transition_duration\":\"600\",\"reveal_between_delay\":\"60\",\"hide_transition_duration\":\"600\",\"hide_between_delay\":\"30\",\"item_style\":\"classic\",\"tile_style_pattern\":\"default\",\"tiles_item_style\":\"overlay\",\"entry_background_color\":\"\",\"entry_border_color\":\"\",\"paginate\":\"yes\",\"perpage\":\"8\",\"crop\":true,\"display_title\":\"yes\",\"show_info\":\"\",\"display_read_more\":false,\"image_aspect_ratio\":\"1.00\",\"space\":\"30\",\"desktop_cnum\":\"4\",\"tablet_cnum\":\"inherit\",\"phone_cnum\":\"1\",\"layout\":\"grid\",\"tag\":\"\",\"filter\":\"\",\"extra_classes\":\"\",\"extra_column_classes\":\"\",\"custom_el_id\":\"\",\"template_part_file\":\"recent-portfolio\",\"extra_template_path\":\"\\\/home7\\\/esme\\\/public_html\\\/wp-content\\\/plugins\\\/auxin-portfolio\\\/public\\\/templates\\\/elements\",\"universal_id\":\"au6edc172b\",\"query_args\":[],\"term\":\"\",\"reset_query\":true,\"use_wp_query\":false,\"wp_query_args\":[],\"custom_wp_query\":\"\",\"loadmore_type\":null,\"loadmore_label\":null,\"loadmore_per_page\":12,\"term_field\":\"slug\",\"base\":\"aux_recent_portfolios_grid\",\"base_class\":\"aux-widget-recent-portfolios\",\"paged\":\"\",\"override_global_query\":false,\"content\":null,\"skip_wrappers\":false,\"content_width\":2000,\"inview_transition\":\"none\",\"inview_duration\":\"\",\"inview_delay\":\"\",\"inview_repeat\":\"no\",\"inview_offset\":\"\",\"called_from\":\"elementor\"};<\/script><\/section><!-- widget-container -->\t\t\t\t<\/div>\n\t\t\t\t<\/div>\n\t\t\t\t\t<\/div>\n\t\t<\/div>\n\t\t\t\t\t<\/div>\n\t\t<\/section>\n\t\t\t\t<\/div>\n\t\t","protected":false},"excerpt":{"rendered":"<p>Ni\u00f1os Fresh Dent Kids &#8211; Crema Dental x 90g Life+Quality Baby &#8211; Toallas H\u00famedas para Beb\u00e9 x 50 u<\/p>","protected":false},"author":1,"featured_media":0,"parent":275,"menu_order":0,"comment_status":"closed","ping_status":"closed","template":"","meta":{"_joinchat":[],"footnotes":""},"class_list":["post-842","page","type-page","status-publish","hentry"],"_links":{"self":[{"href":"https:\/\/www.esme.com.ar\/eng\/wp-json\/wp\/v2\/pages\/842","targetHints":{"allow":["GET"]}}],"collection":[{"href":"https:\/\/www.esme.com.ar\/eng\/wp-json\/wp\/v2\/pages"}],"about":[{"href":"https:\/\/www.esme.com.ar\/eng\/wp-json\/wp\/v2\/types\/page"}],"author":[{"embeddable":true,"href":"https:\/\/www.esme.com.ar\/eng\/wp-json\/wp\/v2\/users\/1"}],"replies":[{"embeddable":true,"href":"https:\/\/www.esme.com.ar\/eng\/wp-json\/wp\/v2\/comments?post=842"}],"version-history":[{"count":8,"href":"https:\/\/www.esme.com.ar\/eng\/wp-json\/wp\/v2\/pages\/842\/revisions"}],"predecessor-version":[{"id":2504,"href":"https:\/\/www.esme.com.ar\/eng\/wp-json\/wp\/v2\/pages\/842\/revisions\/2504"}],"up":[{"embeddable":true,"href":"https:\/\/www.esme.com.ar\/eng\/wp-json\/wp\/v2\/pages\/275"}],"wp:attachment":[{"href":"https:\/\/www.esme.com.ar\/eng\/wp-json\/wp\/v2\/media?parent=842"}],"curies":[{"name":"wp","href":"https:\/\/api.w.org\/{rel}","templated":true}]}}